{"id":16227,"date":"2023-07-15T06:31:52","date_gmt":"2023-07-15T04:31:52","guid":{"rendered":"https:\/\/www.bergvagabunden.com\/?page_id=16227"},"modified":"2026-01-28T10:35:42","modified_gmt":"2026-01-28T08:35:42","slug":"soiree_evenement_entreprise","status":"publish","type":"page","link":"https:\/\/www.bergvagabunden.com\/fr\/soiree_evenement_entreprise\/","title":{"rendered":"soiree_evenement_entreprise"},"content":{"rendered":"<div class=\"wpb-content-wrapper\"><p>[vc_row][vc_column][vc_column_text]<img loading=\"lazy\" decoding=\"async\" class=\"alignnone wp-image-16237 size-full\" title=\"Soir\u00e9e d'entreprise | \u00a9 iStock - IPGGutenbergUKLtd \" src=\"https:\/\/www.bergvagabunden.com\/wp-content\/uploads\/2023\/07\/soiree_entreprise.jpg\" alt=\"Soir\u00e9e d'entreprise\" width=\"1920\" height=\"1081\" srcset=\"https:\/\/www.bergvagabunden.com\/wp-content\/uploads\/2023\/07\/soiree_entreprise.jpg 1920w, https:\/\/www.bergvagabunden.com\/wp-content\/uploads\/2023\/07\/soiree_entreprise-300x169.jpg 300w, https:\/\/www.bergvagabunden.com\/wp-content\/uploads\/2023\/07\/soiree_entreprise-1024x577.jpg 1024w, https:\/\/www.bergvagabunden.com\/wp-content\/uploads\/2023\/07\/soiree_entreprise-768x432.jpg 768w, https:\/\/www.bergvagabunden.com\/wp-content\/uploads\/2023\/07\/soiree_entreprise-1536x865.jpg 1536w\" sizes=\"auto, (max-width: 1920px) 100vw, 1920px\" \/><\/p>\n<h1>Comment organiser une soir\u00e9e d&rsquo;entreprise<\/h1>\n<p>Comment organiser une <strong>soir\u00e9e d&rsquo;entreprise<\/strong>? Et pourquoi organiser une f\u00eate? Une f\u00eate d&rsquo;entreprise apporte au moins trois avantages \u00e0 une entreprise :<\/p>\n<p>1. le lien avec les collaborateurs est intensifi\u00e9. De m\u00eame, les liens entre les collaborateurs sont am\u00e9lior\u00e9s.<br \/>\n2. celui qui invite ses clients se rappelle \u00e0 leur bon souvenir et renforce sa relation avec eux. Il est \u00e9galement possible de gagner de nouveaux clients.<br \/>\n3. si la d\u00e9coration et la restauration sont assur\u00e9es par des prestataires locaux, la perception de l&rsquo;entreprise au si\u00e8ge social s&rsquo;en trouve am\u00e9lior\u00e9e.<\/p>\n<p>Si vous souhaitez organiser une soir\u00e9e d&rsquo;entreprise, vous devez r\u00e9pondre \u00e0 quelques questions :<\/p>\n<ul>\n<li>Quel est mon budget?<\/li>\n<li>Quel est le mois id\u00e9al pour l&rsquo;entreprise (production, commandes, vacances, etc.).<\/li>\n<li>Qui je souhaite inviter (collaborateurs, clients, fournisseurs, partenaires, nouveaux clients potentiels, etc.)<\/li>\n<li>Ma f\u00eate doit-elle avoir un th\u00e8me ou un slogan?<\/li>\n<\/ul>\n<h2>Organisez votre \u00e9v\u00e9nement d&rsquo;entreprise<\/h2>\n<p>Vous devez avoir quelques dates possibles \u00e0 choisir. Ensuite, vous devez trouver un lieu appropri\u00e9 pour votre <strong>\u00e9v\u00e9nement d&rsquo;entreprise<\/strong>. Il peut s&rsquo;agir par exemple de votre propre entreprise, d&rsquo;une salle lou\u00e9e ou d&rsquo;un restaurant. R\u00e9digez une liste d&rsquo;invit\u00e9s et envoyez des invitations (par courrier ou par e-mail). Chargez un prestataire de services de s&rsquo;occuper des repas et des boissons. Vous pouvez \u00e9galement faire appel \u00e0 une entreprise pour la d\u00e9coration. Demandez conseil pour savoir quelle musique est adapt\u00e9e \u00e0 votre \u00e9v\u00e9nement.<\/p>\n<p><img loading=\"lazy\" decoding=\"async\" class=\"alignnone wp-image-16243 size-full\" title=\"\u00c9v\u00e9nement d'entreprise | \u00a9 iStock - SolStock \" src=\"https:\/\/www.bergvagabunden.com\/wp-content\/uploads\/2023\/07\/evenement_entreprise.jpg\" alt=\"\u00c9v\u00e9nement d'entreprise\" width=\"1920\" height=\"1081\" srcset=\"https:\/\/www.bergvagabunden.com\/wp-content\/uploads\/2023\/07\/evenement_entreprise.jpg 1920w, https:\/\/www.bergvagabunden.com\/wp-content\/uploads\/2023\/07\/evenement_entreprise-300x169.jpg 300w, https:\/\/www.bergvagabunden.com\/wp-content\/uploads\/2023\/07\/evenement_entreprise-1024x577.jpg 1024w, https:\/\/www.bergvagabunden.com\/wp-content\/uploads\/2023\/07\/evenement_entreprise-768x432.jpg 768w, https:\/\/www.bergvagabunden.com\/wp-content\/uploads\/2023\/07\/evenement_entreprise-1536x865.jpg 1536w\" sizes=\"auto, (max-width: 1920px) 100vw, 1920px\" \/>[\/vc_column_text][vc_column_text css=\u00a0\u00bb\u00a0\u00bb]<\/p>\n<h3>Id\u00e9e pour votre soir\u00e9e<\/h3>\n<p>Vous cherchez une id\u00e9e (ou un slogan ou un th\u00e8me) pour votre <a href=\"https:\/\/www.bergvagabunden.com\/fr\/soiree_evenement_entreprise\/\">soir\u00e9e d&rsquo;entreprise<\/a>? Il y a une id\u00e9e que vos invit\u00e9s vont adorer. Une id\u00e9e qui mettra tout le monde \u00e0 l&rsquo;aise et qui fera plaisir \u00e0 tout le monde. Une id\u00e9e o\u00f9 vos invit\u00e9s seront tr\u00e8s d\u00e9contract\u00e9s et chanteront et danseront beaucoup : l&rsquo;Oktoberfest !<\/p>\n<h4>Le th\u00e8me de l&rsquo;Oktoberfest pour votre \u00e9v\u00e9nement<\/h4>\n<p>Vous connaissez certainement d\u00e9j\u00e0 le th\u00e8me de la F\u00eate de la bi\u00e8re et de la Soir\u00e9e choucroute. Le th\u00e8me de l&rsquo;Oktoberfest est tr\u00e8s similaire : les invit\u00e9s portent des v\u00eatements bavarois et la musique est jou\u00e9e par un <a href=\"https:\/\/www.bergvagabunden.com\/fr\/orchestre-bavarois-allemand-oktoberfest-soiree-choucroute-fete-de-la-biere\/\">orchestre bavarois<\/a> d&rsquo;Allemagne.[\/vc_column_text][vc_btn title=\u00a0\u00bbEngagez votre orchestre bavarois d&rsquo;Allemagne\u00a0\u00bb color=\u00a0\u00bbblue\u00a0\u00bb link=\u00a0\u00bburl:https%3A%2F%2Fwww.bergvagabunden.com%2Ffr%2Forchestre-bavarois-allemand-oktoberfest-soiree-choucroute-fete-de-la-biere%2F|title:orchestre-bavarois-allemand-oktoberfest-soiree-choucroute-fete-de-la-biere\u00a0\u00bb][\/vc_column][\/vc_row]<\/p>\n<\/div>","protected":false},"excerpt":{"rendered":"<p>[vc_row][vc_column][vc_column_text] Comment organiser une soir\u00e9e d&rsquo;entreprise Comment organiser une soir\u00e9e d&rsquo;entreprise? Et pourquoi organiser une f\u00eate? Une f\u00eate d&rsquo;entreprise apporte au moins trois avantages \u00e0 une entreprise : 1. le lien avec les collaborateurs est intensifi\u00e9. De m\u00eame, les liens entre les collaborateurs sont am\u00e9lior\u00e9s. 2. celui qui invite ses clients se rappelle \u00e0 leur &hellip;<\/p>\n","protected":false},"author":2,"featured_media":0,"parent":0,"menu_order":0,"comment_status":"closed","ping_status":"closed","template":"","meta":{"yasr_overall_rating":5,"yasr_post_is_review":"","yasr_auto_insert_disabled":"yes","yasr_review_type":"","footnotes":""},"class_list":["post-16227","page","type-page","status-publish","hentry"],"yoast_head":"<!-- This site is optimized with the Yoast SEO Premium plugin v27.2 (Yoast SEO v27.4) - https:\/\/yoast.com\/product\/yoast-seo-premium-wordpress\/ -->\n<title>Comment organiser une soir\u00e9e d&#039;entreprise<\/title>\n<meta name=\"description\" content=\"Tu trouveras ici une bonne id\u00e9e pour ta f\u00eate d&#039;entreprise et tu apprendras ce \u00e0 quoi tu dois penser lors de la planification.\" \/>\n<meta name=\"robots\" content=\"index, follow, max-snippet:-1, max-image-preview:large, max-video-preview:-1\" \/>\n<link rel=\"canonical\" href=\"https:\/\/www.bergvagabunden.com\/fr\/soiree_evenement_entreprise\/\" \/>\n<meta property=\"og:locale\" content=\"fr_FR\" \/>\n<meta property=\"og:type\" content=\"article\" \/>\n<meta property=\"og:title\" content=\"soiree_evenement_entreprise\" \/>\n<meta property=\"og:description\" content=\"Tu trouveras ici une bonne id\u00e9e pour ta f\u00eate d&#039;entreprise et tu apprendras ce \u00e0 quoi tu dois penser lors de la planification.\" \/>\n<meta property=\"og:url\" content=\"https:\/\/www.bergvagabunden.com\/fr\/soiree_evenement_entreprise\/\" \/>\n<meta property=\"og:site_name\" content=\"Original Bergvagabunden\" \/>\n<meta property=\"article:publisher\" content=\"https:\/\/www.facebook.com\/bergvagabunden\" \/>\n<meta property=\"article:modified_time\" content=\"2026-01-28T08:35:42+00:00\" \/>\n<meta property=\"og:image\" content=\"https:\/\/www.bergvagabunden.com\/wp-content\/uploads\/2023\/07\/soiree_entreprise.jpg\" \/>\n\t<meta property=\"og:image:width\" content=\"1920\" \/>\n\t<meta property=\"og:image:height\" content=\"1081\" \/>\n\t<meta property=\"og:image:type\" content=\"image\/jpeg\" \/>\n<meta name=\"twitter:label1\" content=\"Dur\u00e9e de lecture estim\u00e9e\" \/>\n\t<meta name=\"twitter:data1\" content=\"3 minutes\" \/>\n<!-- \/ Yoast SEO Premium plugin. -->","yoast_head_json":{"title":"Comment organiser une soir\u00e9e d'entreprise","description":"Tu trouveras ici une bonne id\u00e9e pour ta f\u00eate d'entreprise et tu apprendras ce \u00e0 quoi tu dois penser lors de la planification.","robots":{"index":"index","follow":"follow","max-snippet":"max-snippet:-1","max-image-preview":"max-image-preview:large","max-video-preview":"max-video-preview:-1"},"canonical":"https:\/\/www.bergvagabunden.com\/fr\/soiree_evenement_entreprise\/","og_locale":"fr_FR","og_type":"article","og_title":"soiree_evenement_entreprise","og_description":"Tu trouveras ici une bonne id\u00e9e pour ta f\u00eate d'entreprise et tu apprendras ce \u00e0 quoi tu dois penser lors de la planification.","og_url":"https:\/\/www.bergvagabunden.com\/fr\/soiree_evenement_entreprise\/","og_site_name":"Original Bergvagabunden","article_publisher":"https:\/\/www.facebook.com\/bergvagabunden","article_modified_time":"2026-01-28T08:35:42+00:00","og_image":[{"width":1920,"height":1081,"url":"https:\/\/www.bergvagabunden.com\/wp-content\/uploads\/2023\/07\/soiree_entreprise.jpg","type":"image\/jpeg"}],"twitter_misc":{"Dur\u00e9e de lecture estim\u00e9e":"3 minutes"},"schema":{"@context":"https:\/\/schema.org","@graph":[{"@type":"Article","@id":"https:\/\/www.bergvagabunden.com\/fr\/soiree_evenement_entreprise\/#article","isPartOf":{"@id":"https:\/\/www.bergvagabunden.com\/fr\/soiree_evenement_entreprise\/"},"author":{"name":"ewiesenmueller","@id":"https:\/\/www.bergvagabunden.com\/fr\/#\/schema\/person\/ae42ffea2084ad98fc26268a51a9137b"},"headline":"soiree_evenement_entreprise","datePublished":"2023-07-15T04:31:52+00:00","dateModified":"2026-01-28T08:35:42+00:00","mainEntityOfPage":{"@id":"https:\/\/www.bergvagabunden.com\/fr\/soiree_evenement_entreprise\/"},"wordCount":440,"publisher":{"@id":"https:\/\/www.bergvagabunden.com\/fr\/#organization"},"image":{"@id":"https:\/\/www.bergvagabunden.com\/fr\/soiree_evenement_entreprise\/#primaryimage"},"thumbnailUrl":"https:\/\/www.bergvagabunden.com\/wp-content\/uploads\/2023\/07\/soiree_entreprise.jpg","inLanguage":"fr-FR"},{"@type":"WebPage","@id":"https:\/\/www.bergvagabunden.com\/fr\/soiree_evenement_entreprise\/","url":"https:\/\/www.bergvagabunden.com\/fr\/soiree_evenement_entreprise\/","name":"Comment organiser une soir\u00e9e d'entreprise","isPartOf":{"@id":"https:\/\/www.bergvagabunden.com\/fr\/#website"},"primaryImageOfPage":{"@id":"https:\/\/www.bergvagabunden.com\/fr\/soiree_evenement_entreprise\/#primaryimage"},"image":{"@id":"https:\/\/www.bergvagabunden.com\/fr\/soiree_evenement_entreprise\/#primaryimage"},"thumbnailUrl":"https:\/\/www.bergvagabunden.com\/wp-content\/uploads\/2023\/07\/soiree_entreprise.jpg","datePublished":"2023-07-15T04:31:52+00:00","dateModified":"2026-01-28T08:35:42+00:00","description":"Tu trouveras ici une bonne id\u00e9e pour ta f\u00eate d'entreprise et tu apprendras ce \u00e0 quoi tu dois penser lors de la planification.","breadcrumb":{"@id":"https:\/\/www.bergvagabunden.com\/fr\/soiree_evenement_entreprise\/#breadcrumb"},"inLanguage":"fr-FR","potentialAction":[{"@type":"ReadAction","target":["https:\/\/www.bergvagabunden.com\/fr\/soiree_evenement_entreprise\/"]}]},{"@type":"ImageObject","inLanguage":"fr-FR","@id":"https:\/\/www.bergvagabunden.com\/fr\/soiree_evenement_entreprise\/#primaryimage","url":"https:\/\/www.bergvagabunden.com\/wp-content\/uploads\/2023\/07\/soiree_entreprise.jpg","contentUrl":"https:\/\/www.bergvagabunden.com\/wp-content\/uploads\/2023\/07\/soiree_entreprise.jpg"},{"@type":"BreadcrumbList","@id":"https:\/\/www.bergvagabunden.com\/fr\/soiree_evenement_entreprise\/#breadcrumb","itemListElement":[{"@type":"ListItem","position":1,"name":"Bergvagabunden","item":"https:\/\/www.bergvagabunden.com\/fr\/"},{"@type":"ListItem","position":2,"name":"Soir\u00e9e \/ \u00e9v\u00e9nement d'entreprise"}]},{"@type":"WebSite","@id":"https:\/\/www.bergvagabunden.com\/fr\/#website","url":"https:\/\/www.bergvagabunden.com\/fr\/","name":"Original Bergvagabunden","description":"Volksmusik original wie in Bayern (Alpen\/Allg\u00e4u) &amp; Tirol (\u00d6sterreich)","publisher":{"@id":"https:\/\/www.bergvagabunden.com\/fr\/#organization"},"potentialAction":[{"@type":"SearchAction","target":{"@type":"EntryPoint","urlTemplate":"https:\/\/www.bergvagabunden.com\/fr\/?s={search_term_string}"},"query-input":{"@type":"PropertyValueSpecification","valueRequired":true,"valueName":"search_term_string"}}],"inLanguage":"fr-FR"},{"@type":"Organization","@id":"https:\/\/www.bergvagabunden.com\/fr\/#organization","name":"Bergvagabunden","url":"https:\/\/www.bergvagabunden.com\/fr\/","logo":{"@type":"ImageObject","inLanguage":"fr-FR","@id":"https:\/\/www.bergvagabunden.com\/fr\/#\/schema\/logo\/image\/","url":"https:\/\/www.bergvagabunden.com\/wp-content\/uploads\/2017\/07\/Bergvagabunden_R_Logo_2017_JPG-1024x434.jpg","contentUrl":"https:\/\/www.bergvagabunden.com\/wp-content\/uploads\/2017\/07\/Bergvagabunden_R_Logo_2017_JPG-1024x434.jpg","width":1024,"height":434,"caption":"Bergvagabunden"},"image":{"@id":"https:\/\/www.bergvagabunden.com\/fr\/#\/schema\/logo\/image\/"},"sameAs":["https:\/\/www.facebook.com\/bergvagabunden","https:\/\/x.com\/Oktoberfestmusi","https:\/\/www.instagram.com\/bergvagabunden_com\/","https:\/\/www.pinterest.de\/oktoberfestband\/","https:\/\/www.youtube.com\/user\/oktoberfestmusikband\/"]},{"@type":"Person","@id":"https:\/\/www.bergvagabunden.com\/fr\/#\/schema\/person\/ae42ffea2084ad98fc26268a51a9137b","name":"ewiesenmueller","sameAs":["http:\/\/www.bergvagabunden.com","www.facebook.com\/bergvagabunden"],"url":"https:\/\/www.bergvagabunden.com\/fr\/author\/e-wiesenmueller\/"},false]}},"yasr_visitor_votes":{"stars_attributes":{"read_only":false,"span_bottom":false},"number_of_votes":0,"sum_votes":0},"_links":{"self":[{"href":"https:\/\/www.bergvagabunden.com\/fr\/wp-json\/wp\/v2\/pages\/16227","targetHints":{"allow":["GET"]}}],"collection":[{"href":"https:\/\/www.bergvagabunden.com\/fr\/wp-json\/wp\/v2\/pages"}],"about":[{"href":"https:\/\/www.bergvagabunden.com\/fr\/wp-json\/wp\/v2\/types\/page"}],"author":[{"embeddable":true,"href":"https:\/\/www.bergvagabunden.com\/fr\/wp-json\/wp\/v2\/users\/2"}],"replies":[{"embeddable":true,"href":"https:\/\/www.bergvagabunden.com\/fr\/wp-json\/wp\/v2\/comments?post=16227"}],"version-history":[{"count":12,"href":"https:\/\/www.bergvagabunden.com\/fr\/wp-json\/wp\/v2\/pages\/16227\/revisions"}],"predecessor-version":[{"id":18443,"href":"https:\/\/www.bergvagabunden.com\/fr\/wp-json\/wp\/v2\/pages\/16227\/revisions\/18443"}],"wp:attachment":[{"href":"https:\/\/www.bergvagabunden.com\/fr\/wp-json\/wp\/v2\/media?parent=16227"}],"curies":[{"name":"wp","href":"https:\/\/api.w.org\/{rel}","templated":true}]}}